{"id":75,"date":"2022-07-12T18:45:45","date_gmt":"2022-07-12T16:45:45","guid":{"rendered":"http:\/\/vektra.cz\/?page_id=75"},"modified":"2022-07-12T18:45:45","modified_gmt":"2022-07-12T16:45:45","slug":"reference","status":"publish","type":"page","link":"https:\/\/vektra.cz\/?page_id=75","title":{"rendered":"Reference"},"content":{"rendered":"\n<h4 class=\"wp-block-heading\">Brtevsk\u00fd potok<\/h4>\n\n\n\n<p>V intravil\u00e1nu m\u011bsta Dobru\u0161ka na\u0161e spole\u010dnost realizovala v\u00fdstavbu betonov\u00e9 op\u011brn\u00e9 zdi kv\u016fli bort\u00edc\u00edmu se b\u0159ehu. Nejprve byly vytrh\u00e1ny pa\u0159ezy a provedeno svahov\u00e1n\u00ed sesunut\u00e9ho b\u0159ehu. D\u00e1le byla provedena zemn\u00ed hr\u00e1zka pro p\u0159eveden\u00ed vody k prav\u00e9mu b\u0159ehu. Pod lev\u00fdm b\u0159ehem byl n\u00e1sledn\u011b vyhlouben z\u00e1klad op\u011brn\u00e9 zdi, bylo provedeno jednostrann\u00e9 bedn\u011bn\u00ed a osazen\u00ed v\u00fdztu\u017ee. D\u00e1le byla provedena beton\u00e1\u017e z\u00e1kladu. Na vyzr\u00e1l\u00fd z\u00e1klad bylo postaveno oboustrann\u00e9 syst\u00e9mov\u00e9 bedn\u011bn\u00ed, osazena v\u00fdztu\u017e a p\u0159ipraveny prostupy. D\u0159\u00edk zdi byl betonov\u00e1n postupn\u011b po 6 metrov\u00fdch \u00fasec\u00edch. Za rubem zdi byl proveden \u0161t\u011brkov\u00fd odvod\u0148ovac\u00ed p\u00e1s odd\u011blen\u00fd geotextili\u00ed a n\u00e1sledn\u011b byl prov\u00e1d\u011bn hutn\u011bn\u00fd z\u00e1syp zeminou. Betonov\u00fd d\u0159\u00edk zdi byl oblo\u017een \u017eulov\u00fdmi kop\u00e1ky (tlou\u0161\u0165ka obkladu 25 cm) a v posledn\u00ed f\u00e1zi byl proveden betonov\u00fd parapet zdi.<\/p>\n\n\n\n<figure class=\"wp-block-gallery has-nested-images columns-default is-cropped wp-block-gallery-1 is-layout-flex wp-block-gallery-is-layout-flex\">\n<figure class=\"wp-block-image size-large\"><img loading=\"lazy\" decoding=\"async\" width=\"1024\" height=\"768\" data-id=\"86\" src=\"https:\/\/vektra.cz\/wp-content\/uploads\/2022\/07\/20181204_135156-1024x768.jpg\" alt=\"\" class=\"wp-image-86\" srcset=\"https:\/\/vektra.cz\/wp-content\/uploads\/2022\/07\/20181204_135156-1024x768.jpg 1024w, https:\/\/vektra.cz\/wp-content\/uploads\/2022\/07\/20181204_135156-300x225.jpg 300w, https:\/\/vektra.cz\/wp-content\/uploads\/2022\/07\/20181204_135156-768x576.jpg 768w, https:\/\/vektra.cz\/wp-content\/uploads\/2022\/07\/20181204_135156-1536x1152.jpg 1536w, https:\/\/vektra.cz\/wp-content\/uploads\/2022\/07\/20181204_135156-2048x1536.jpg 2048w\" sizes=\"auto, (max-width: 1024px) 100vw, 1024px\" \/><\/figure>\n\n\n\n<figure class=\"wp-block-image size-large\"><img loading=\"lazy\" decoding=\"async\" width=\"577\" height=\"1024\" data-id=\"78\" src=\"https:\/\/vektra.cz\/wp-content\/uploads\/2022\/07\/WP_20170508_12_32_43_Pro-577x1024.jpg\" alt=\"\" class=\"wp-image-78\" srcset=\"https:\/\/vektra.cz\/wp-content\/uploads\/2022\/07\/WP_20170508_12_32_43_Pro-577x1024.jpg 577w, https:\/\/vektra.cz\/wp-content\/uploads\/2022\/07\/WP_20170508_12_32_43_Pro-169x300.jpg 169w, https:\/\/vektra.cz\/wp-content\/uploads\/2022\/07\/WP_20170508_12_32_43_Pro-768x1363.jpg 768w, https:\/\/vektra.cz\/wp-content\/uploads\/2022\/07\/WP_20170508_12_32_43_Pro-865x1536.jpg 865w, https:\/\/vektra.cz\/wp-content\/uploads\/2022\/07\/WP_20170508_12_32_43_Pro.jpg 1081w\" sizes=\"auto, (max-width: 577px) 100vw, 577px\" \/><\/figure>\n\n\n\n<figure class=\"wp-block-image size-large\"><img loading=\"lazy\" decoding=\"async\" width=\"577\" height=\"1024\" data-id=\"76\" src=\"https:\/\/vektra.cz\/wp-content\/uploads\/2022\/07\/WP_20170904_13_39_35_Pro-577x1024.jpg\" alt=\"\" class=\"wp-image-76\" srcset=\"https:\/\/vektra.cz\/wp-content\/uploads\/2022\/07\/WP_20170904_13_39_35_Pro-577x1024.jpg 577w, https:\/\/vektra.cz\/wp-content\/uploads\/2022\/07\/WP_20170904_13_39_35_Pro-169x300.jpg 169w, https:\/\/vektra.cz\/wp-content\/uploads\/2022\/07\/WP_20170904_13_39_35_Pro-768x1363.jpg 768w, https:\/\/vektra.cz\/wp-content\/uploads\/2022\/07\/WP_20170904_13_39_35_Pro-865x1536.jpg 865w, https:\/\/vektra.cz\/wp-content\/uploads\/2022\/07\/WP_20170904_13_39_35_Pro.jpg 1081w\" sizes=\"auto, (max-width: 577px) 100vw, 577px\" \/><\/figure>\n\n\n\n<figure class=\"wp-block-image size-large\"><img loading=\"lazy\" decoding=\"async\" width=\"1024\" height=\"577\" data-id=\"77\" src=\"https:\/\/vektra.cz\/wp-content\/uploads\/2022\/07\/WP_20170908_13_10_33_Pro-1024x577.jpg\" alt=\"\" class=\"wp-image-77\" srcset=\"https:\/\/vektra.cz\/wp-content\/uploads\/2022\/07\/WP_20170908_13_10_33_Pro-1024x577.jpg 1024w, https:\/\/vektra.cz\/wp-content\/uploads\/2022\/07\/WP_20170908_13_10_33_Pro-300x169.jpg 300w, https:\/\/vektra.cz\/wp-content\/uploads\/2022\/07\/WP_20170908_13_10_33_Pro-768x433.jpg 768w, https:\/\/vektra.cz\/wp-content\/uploads\/2022\/07\/WP_20170908_13_10_33_Pro-1536x865.jpg 1536w, https:\/\/vektra.cz\/wp-content\/uploads\/2022\/07\/WP_20170908_13_10_33_Pro.jpg 1919w\" sizes=\"auto, (max-width: 1024px) 100vw, 1024px\" \/><\/figure>\n\n\n\n<figure class=\"wp-block-image size-large\"><img loading=\"lazy\" decoding=\"async\" width=\"1024\" height=\"577\" data-id=\"80\" src=\"https:\/\/vektra.cz\/wp-content\/uploads\/2022\/07\/WP_20170920_13_34_09_Pro-1024x577.jpg\" alt=\"\" class=\"wp-image-80\" srcset=\"https:\/\/vektra.cz\/wp-content\/uploads\/2022\/07\/WP_20170920_13_34_09_Pro-1024x577.jpg 1024w, https:\/\/vektra.cz\/wp-content\/uploads\/2022\/07\/WP_20170920_13_34_09_Pro-300x169.jpg 300w, https:\/\/vektra.cz\/wp-content\/uploads\/2022\/07\/WP_20170920_13_34_09_Pro-768x433.jpg 768w, https:\/\/vektra.cz\/wp-content\/uploads\/2022\/07\/WP_20170920_13_34_09_Pro-1536x865.jpg 1536w, https:\/\/vektra.cz\/wp-content\/uploads\/2022\/07\/WP_20170920_13_34_09_Pro.jpg 1919w\" sizes=\"auto, (max-width: 1024px) 100vw, 1024px\" \/><\/figure>\n\n\n\n<figure class=\"wp-block-image size-large\"><img loading=\"lazy\" decoding=\"async\" width=\"577\" height=\"1024\" data-id=\"79\" src=\"https:\/\/vektra.cz\/wp-content\/uploads\/2022\/07\/WP_20171010_12_54_01_Pro-577x1024.jpg\" alt=\"\" class=\"wp-image-79\" srcset=\"https:\/\/vektra.cz\/wp-content\/uploads\/2022\/07\/WP_20171010_12_54_01_Pro-577x1024.jpg 577w, https:\/\/vektra.cz\/wp-content\/uploads\/2022\/07\/WP_20171010_12_54_01_Pro-169x300.jpg 169w, https:\/\/vektra.cz\/wp-content\/uploads\/2022\/07\/WP_20171010_12_54_01_Pro-768x1363.jpg 768w, https:\/\/vektra.cz\/wp-content\/uploads\/2022\/07\/WP_20171010_12_54_01_Pro-865x1536.jpg 865w, https:\/\/vektra.cz\/wp-content\/uploads\/2022\/07\/WP_20171010_12_54_01_Pro.jpg 1081w\" sizes=\"auto, (max-width: 577px) 100vw, 577px\" \/><\/figure>\n\n\n\n<figure class=\"wp-block-image size-large\"><img loading=\"lazy\" decoding=\"async\" width=\"1024\" height=\"577\" data-id=\"81\" src=\"https:\/\/vektra.cz\/wp-content\/uploads\/2022\/07\/WP_20171205_09_50_31_Pro-1024x577.jpg\" alt=\"\" class=\"wp-image-81\" srcset=\"https:\/\/vektra.cz\/wp-content\/uploads\/2022\/07\/WP_20171205_09_50_31_Pro-1024x577.jpg 1024w, https:\/\/vektra.cz\/wp-content\/uploads\/2022\/07\/WP_20171205_09_50_31_Pro-300x169.jpg 300w, https:\/\/vektra.cz\/wp-content\/uploads\/2022\/07\/WP_20171205_09_50_31_Pro-768x433.jpg 768w, https:\/\/vektra.cz\/wp-content\/uploads\/2022\/07\/WP_20171205_09_50_31_Pro-1536x865.jpg 1536w, https:\/\/vektra.cz\/wp-content\/uploads\/2022\/07\/WP_20171205_09_50_31_Pro.jpg 1919w\" sizes=\"auto, (max-width: 1024px) 100vw, 1024px\" \/><\/figure>\n\n\n\n<figure class=\"wp-block-image size-large\"><img loading=\"lazy\" decoding=\"async\" width=\"577\" height=\"1024\" data-id=\"83\" src=\"https:\/\/vektra.cz\/wp-content\/uploads\/2022\/07\/WP_20181012_13_55_35_Pro-577x1024.jpg\" alt=\"\" class=\"wp-image-83\" srcset=\"https:\/\/vektra.cz\/wp-content\/uploads\/2022\/07\/WP_20181012_13_55_35_Pro-577x1024.jpg 577w, https:\/\/vektra.cz\/wp-content\/uploads\/2022\/07\/WP_20181012_13_55_35_Pro-169x300.jpg 169w, https:\/\/vektra.cz\/wp-content\/uploads\/2022\/07\/WP_20181012_13_55_35_Pro-768x1363.jpg 768w, https:\/\/vektra.cz\/wp-content\/uploads\/2022\/07\/WP_20181012_13_55_35_Pro-865x1536.jpg 865w, https:\/\/vektra.cz\/wp-content\/uploads\/2022\/07\/WP_20181012_13_55_35_Pro.jpg 1081w\" sizes=\"auto, (max-width: 577px) 100vw, 577px\" \/><\/figure>\n\n\n\n<figure class=\"wp-block-image size-large\"><img loading=\"lazy\" decoding=\"async\" width=\"1024\" height=\"577\" data-id=\"85\" src=\"https:\/\/vektra.cz\/wp-content\/uploads\/2022\/07\/WP_20181019_14_19_57_Pro-1024x577.jpg\" alt=\"\" class=\"wp-image-85\" srcset=\"https:\/\/vektra.cz\/wp-content\/uploads\/2022\/07\/WP_20181019_14_19_57_Pro-1024x577.jpg 1024w, https:\/\/vektra.cz\/wp-content\/uploads\/2022\/07\/WP_20181019_14_19_57_Pro-300x169.jpg 300w, https:\/\/vektra.cz\/wp-content\/uploads\/2022\/07\/WP_20181019_14_19_57_Pro-768x433.jpg 768w, https:\/\/vektra.cz\/wp-content\/uploads\/2022\/07\/WP_20181019_14_19_57_Pro-1536x865.jpg 1536w, https:\/\/vektra.cz\/wp-content\/uploads\/2022\/07\/WP_20181019_14_19_57_Pro.jpg 1919w\" sizes=\"auto, (max-width: 1024px) 100vw, 1024px\" \/><\/figure>\n\n\n\n<figure class=\"wp-block-image size-large\"><img loading=\"lazy\" decoding=\"async\" width=\"1024\" height=\"577\" data-id=\"84\" src=\"https:\/\/vektra.cz\/wp-content\/uploads\/2022\/07\/WP_20181101_12_51_17_Pro-1024x577.jpg\" alt=\"\" class=\"wp-image-84\" srcset=\"https:\/\/vektra.cz\/wp-content\/uploads\/2022\/07\/WP_20181101_12_51_17_Pro-1024x577.jpg 1024w, https:\/\/vektra.cz\/wp-content\/uploads\/2022\/07\/WP_20181101_12_51_17_Pro-300x169.jpg 300w, https:\/\/vektra.cz\/wp-content\/uploads\/2022\/07\/WP_20181101_12_51_17_Pro-768x433.jpg 768w, https:\/\/vektra.cz\/wp-content\/uploads\/2022\/07\/WP_20181101_12_51_17_Pro-1536x865.jpg 1536w, https:\/\/vektra.cz\/wp-content\/uploads\/2022\/07\/WP_20181101_12_51_17_Pro.jpg 1919w\" sizes=\"auto, (max-width: 1024px) 100vw, 1024px\" \/><\/figure>\n\n\n\n<figure class=\"wp-block-image size-large\"><img loading=\"lazy\" decoding=\"async\" width=\"577\" height=\"1024\" data-id=\"82\" src=\"https:\/\/vektra.cz\/wp-content\/uploads\/2022\/07\/WP_20181119_12_12_10_Pro-577x1024.jpg\" alt=\"\" class=\"wp-image-82\" srcset=\"https:\/\/vektra.cz\/wp-content\/uploads\/2022\/07\/WP_20181119_12_12_10_Pro-577x1024.jpg 577w, https:\/\/vektra.cz\/wp-content\/uploads\/2022\/07\/WP_20181119_12_12_10_Pro-169x300.jpg 169w, https:\/\/vektra.cz\/wp-content\/uploads\/2022\/07\/WP_20181119_12_12_10_Pro-768x1363.jpg 768w, https:\/\/vektra.cz\/wp-content\/uploads\/2022\/07\/WP_20181119_12_12_10_Pro-865x1536.jpg 865w, https:\/\/vektra.cz\/wp-content\/uploads\/2022\/07\/WP_20181119_12_12_10_Pro.jpg 1081w\" sizes=\"auto, (max-width: 577px) 100vw, 577px\" \/><\/figure>\n<\/figure>\n","protected":false},"excerpt":{"rendered":"<p>Brtevsk\u00fd potok V intravil\u00e1nu m\u011bsta Dobru\u0161ka na\u0161e spole\u010dnost realizovala v\u00fdstavbu betonov\u00e9 op\u011brn\u00e9 zdi kv\u016fli bort\u00edc\u00edmu se b\u0159ehu. Nejprve byly vytrh\u00e1ny pa\u0159ezy a provedeno svahov\u00e1n\u00ed sesunut\u00e9ho b\u0159ehu. D\u00e1le byla provedena zemn\u00ed hr\u00e1zka pro p\u0159eveden\u00ed vody k prav\u00e9mu b\u0159ehu. Pod lev\u00fdm b\u0159ehem byl n\u00e1sledn\u011b vyhlouben z\u00e1klad op\u011brn\u00e9 zdi, bylo provedeno jednostrann\u00e9 bedn\u011bn\u00ed a osazen\u00ed v\u00fdztu\u017ee. D\u00e1le byla &hellip; <a href=\"https:\/\/vektra.cz\/?page_id=75\" class=\"more-link\">Pokra\u010dov\u00e1n\u00ed textu <span class=\"screen-reader-text\">Reference<\/span><\/a><\/p>\n","protected":false},"author":1,"featured_media":0,"parent":0,"menu_order":0,"comment_status":"closed","ping_status":"closed","template":"","meta":{"footnotes":""},"class_list":["post-75","page","type-page","status-publish","hentry"],"_links":{"self":[{"href":"https:\/\/vektra.cz\/index.php?rest_route=\/wp\/v2\/pages\/75","targetHints":{"allow":["GET"]}}],"collection":[{"href":"https:\/\/vektra.cz\/index.php?rest_route=\/wp\/v2\/pages"}],"about":[{"href":"https:\/\/vektra.cz\/index.php?rest_route=\/wp\/v2\/types\/page"}],"author":[{"embeddable":true,"href":"https:\/\/vektra.cz\/index.php?rest_route=\/wp\/v2\/users\/1"}],"replies":[{"embeddable":true,"href":"https:\/\/vektra.cz\/index.php?rest_route=%2Fwp%2Fv2%2Fcomments&post=75"}],"version-history":[{"count":1,"href":"https:\/\/vektra.cz\/index.php?rest_route=\/wp\/v2\/pages\/75\/revisions"}],"predecessor-version":[{"id":87,"href":"https:\/\/vektra.cz\/index.php?rest_route=\/wp\/v2\/pages\/75\/revisions\/87"}],"wp:attachment":[{"href":"https:\/\/vektra.cz\/index.php?rest_route=%2Fwp%2Fv2%2Fmedia&parent=75"}],"curies":[{"name":"wp","href":"https:\/\/api.w.org\/{rel}","templated":true}]}}